{"id":897,"date":"2022-02-08T10:26:13","date_gmt":"2022-02-08T10:26:13","guid":{"rendered":"https:\/\/www.newlightpictures.pt\/?page_id=897"},"modified":"2024-03-12T11:11:09","modified_gmt":"2024-03-12T11:11:09","slug":"sobre","status":"publish","type":"page","link":"https:\/\/www.newlightpictures.pt\/pt-pt\/sobre\/","title":{"rendered":"Sobre"},"content":{"rendered":"\t\t<div data-elementor-type=\"wp-page\" data-elementor-id=\"897\" class=\"elementor elementor-897\" data-elementor-post-type=\"page\">\n\t\t\t\t\t\t<section class=\"elementor-section elementor-top-section elementor-element elementor-element-88a7496 animated-slow elementor-section-content-space-around elementor-section-boxed elementor-section-height-default elementor-section-height-default elementor-invisible\" data-id=\"88a7496\" data-element_type=\"section\" data-settings=\"{&quot;animation&quot;:&quot;fadeIn&quot;,&quot;animation_delay&quot;:600}\">\n\t\t\t\t\t\t<div class=\"elementor-container elementor-column-gap-no\">\n\t\t\t\t\t<div class=\"elementor-column elementor-col-33 elementor-top-column elementor-element elementor-element-3fbbddb\" data-id=\"3fbbddb\" data-element_type=\"column\">\n\t\t\t<div class=\"elementor-widget-wrap elementor-element-populated\">\n\t\t\t\t\t\t<div class=\"elementor-element elementor-element-798d640 elementor-widget elementor-widget-image\" data-id=\"798d640\" data-element_type=\"widget\" data-widget_type=\"image.default\">\n\t\t\t\t\t\t\t\t\t\t\t\t\t\t\t<img fetchpriority=\"high\" decoding=\"async\" width=\"800\" height=\"1017\" src=\"https:\/\/www.newlightpictures.pt\/wp-content\/uploads\/new-light-pictures-team-JOAO.webp\" class=\"attachment-full size-full wp-image-4075\" alt=\"\" srcset=\"https:\/\/www.newlightpictures.pt\/wp-content\/uploads\/new-light-pictures-team-JOAO.webp 800w, https:\/\/www.newlightpictures.pt\/wp-content\/uploads\/new-light-pictures-team-JOAO-768x976.webp 768w\" sizes=\"(max-width: 800px) 100vw, 800px\" title=\"\">\t\t\t\t\t\t\t\t\t\t\t\t\t\t\t<\/div>\n\t\t\t\t<div class=\"elementor-element elementor-element-7f4db38 elementor-widget elementor-widget-image-box\" data-id=\"7f4db38\" data-element_type=\"widget\" data-widget_type=\"image-box.default\">\n\t\t\t\t\t<div class=\"elementor-image-box-wrapper\"><div class=\"elementor-image-box-content\"><h6 class=\"elementor-image-box-title\">Jo\u00e3o Viegas<\/h6><p class=\"elementor-image-box-description\">Direc\u00e7\u00e3o Criativa<\/p><\/div><\/div>\t\t\t\t<\/div>\n\t\t\t\t\t<\/div>\n\t\t<\/div>\n\t\t\t\t<div class=\"elementor-column elementor-col-33 elementor-top-column elementor-element elementor-element-5e00505\" data-id=\"5e00505\" data-element_type=\"column\">\n\t\t\t<div class=\"elementor-widget-wrap elementor-element-populated\">\n\t\t\t\t\t\t<div class=\"elementor-element elementor-element-683365e elementor-widget elementor-widget-image\" data-id=\"683365e\" data-element_type=\"widget\" data-widget_type=\"image.default\">\n\t\t\t\t\t\t\t\t\t\t\t\t\t\t\t<img decoding=\"async\" width=\"800\" height=\"1017\" src=\"https:\/\/www.newlightpictures.pt\/wp-content\/uploads\/new-light-pictures-team-PEDRO.webp\" class=\"attachment-full size-full wp-image-4095\" alt=\"\" srcset=\"https:\/\/www.newlightpictures.pt\/wp-content\/uploads\/new-light-pictures-team-PEDRO.webp 800w, https:\/\/www.newlightpictures.pt\/wp-content\/uploads\/new-light-pictures-team-PEDRO-768x976.webp 768w\" sizes=\"(max-width: 800px) 100vw, 800px\" title=\"\">\t\t\t\t\t\t\t\t\t\t\t\t\t\t\t<\/div>\n\t\t\t\t<div class=\"elementor-element elementor-element-3adfcc4 elementor-widget elementor-widget-image-box\" data-id=\"3adfcc4\" data-element_type=\"widget\" data-widget_type=\"image-box.default\">\n\t\t\t\t\t<div class=\"elementor-image-box-wrapper\"><div class=\"elementor-image-box-content\"><h3 class=\"elementor-image-box-title\">Pedro Matos<\/h3><p class=\"elementor-image-box-description\">Direc\u00e7\u00e3o de Fotografia<\/p><\/div><\/div>\t\t\t\t<\/div>\n\t\t\t\t\t<\/div>\n\t\t<\/div>\n\t\t\t\t<div class=\"elementor-column elementor-col-33 elementor-top-column elementor-element elementor-element-ba07f36\" data-id=\"ba07f36\" data-element_type=\"column\">\n\t\t\t<div class=\"elementor-widget-wrap elementor-element-populated\">\n\t\t\t\t\t\t<div class=\"elementor-element elementor-element-5017c52 elementor-widget elementor-widget-image\" data-id=\"5017c52\" data-element_type=\"widget\" data-widget_type=\"image.default\">\n\t\t\t\t\t\t\t\t\t\t\t\t\t\t\t<img decoding=\"async\" width=\"800\" height=\"1017\" src=\"https:\/\/www.newlightpictures.pt\/wp-content\/uploads\/new-light-pictures-team-FAISCA.webp\" class=\"attachment-full size-full wp-image-4074\" alt=\"\" srcset=\"https:\/\/www.newlightpictures.pt\/wp-content\/uploads\/new-light-pictures-team-FAISCA.webp 800w, https:\/\/www.newlightpictures.pt\/wp-content\/uploads\/new-light-pictures-team-FAISCA-768x976.webp 768w\" sizes=\"(max-width: 800px) 100vw, 800px\" title=\"\">\t\t\t\t\t\t\t\t\t\t\t\t\t\t\t<\/div>\n\t\t\t\t<div class=\"elementor-element elementor-element-c16db5d elementor-widget elementor-widget-image-box\" data-id=\"c16db5d\" data-element_type=\"widget\" data-widget_type=\"image-box.default\">\n\t\t\t\t\t<div class=\"elementor-image-box-wrapper\"><div class=\"elementor-image-box-content\"><h3 class=\"elementor-image-box-title\">PATR\u00cdCIO FA\u00cdSCA<\/h3><p class=\"elementor-image-box-description\">Direc\u00e7\u00e3o de Produ\u00e7\u00e3o<\/p><\/div><\/div>\t\t\t\t<\/div>\n\t\t\t\t\t<\/div>\n\t\t<\/div>\n\t\t\t\t\t<\/div>\n\t\t<\/section>\n\t\t\t\t<section class=\"elementor-section elementor-top-section elementor-element elementor-element-fe0d272 animated-slow elementor-section-content-space-around elementor-section-boxed elementor-section-height-default elementor-section-height-default elementor-invisible\" data-id=\"fe0d272\" data-element_type=\"section\" data-settings=\"{&quot;animation&quot;:&quot;fadeIn&quot;,&quot;animation_delay&quot;:600}\">\n\t\t\t\t\t\t<div class=\"elementor-container elementor-column-gap-default\">\n\t\t\t\t\t<div class=\"elementor-column elementor-col-33 elementor-top-column elementor-element elementor-element-1a8d153\" data-id=\"1a8d153\" data-element_type=\"column\">\n\t\t\t<div class=\"elementor-widget-wrap elementor-element-populated\">\n\t\t\t\t\t\t<div class=\"elementor-element elementor-element-29ba882 elementor-widget elementor-widget-image\" data-id=\"29ba882\" data-element_type=\"widget\" data-widget_type=\"image.default\">\n\t\t\t\t\t\t\t\t\t\t\t\t\t\t\t<img loading=\"lazy\" decoding=\"async\" width=\"800\" height=\"1017\" src=\"https:\/\/www.newlightpictures.pt\/wp-content\/uploads\/new-light-pictures-team-CARLA.webp\" class=\"attachment-full size-full wp-image-4073\" alt=\"\" srcset=\"https:\/\/www.newlightpictures.pt\/wp-content\/uploads\/new-light-pictures-team-CARLA.webp 800w, https:\/\/www.newlightpictures.pt\/wp-content\/uploads\/new-light-pictures-team-CARLA-768x976.webp 768w\" sizes=\"(max-width: 800px) 100vw, 800px\" title=\"\">\t\t\t\t\t\t\t\t\t\t\t\t\t\t\t<\/div>\n\t\t\t\t<div class=\"elementor-element elementor-element-207f658 elementor-widget elementor-widget-image-box\" data-id=\"207f658\" data-element_type=\"widget\" data-widget_type=\"image-box.default\">\n\t\t\t\t\t<div class=\"elementor-image-box-wrapper\"><div class=\"elementor-image-box-content\"><h3 class=\"elementor-image-box-title\">Carla Pereira<\/h3><p class=\"elementor-image-box-description\">Assistente de Arte<\/p><\/div><\/div>\t\t\t\t<\/div>\n\t\t\t\t\t<\/div>\n\t\t<\/div>\n\t\t\t\t<div class=\"elementor-column elementor-col-33 elementor-top-column elementor-element elementor-element-48d796e\" data-id=\"48d796e\" data-element_type=\"column\">\n\t\t\t<div class=\"elementor-widget-wrap elementor-element-populated\">\n\t\t\t\t\t\t<div class=\"elementor-element elementor-element-20a1b1e elementor-widget elementor-widget-image\" data-id=\"20a1b1e\" data-element_type=\"widget\" data-widget_type=\"image.default\">\n\t\t\t\t\t\t\t\t\t\t\t\t\t\t\t<img loading=\"lazy\" decoding=\"async\" width=\"800\" height=\"1017\" src=\"https:\/\/www.newlightpictures.pt\/wp-content\/uploads\/new-light-pictures-team-PATRICIA.webp\" class=\"attachment-full size-full wp-image-4096\" alt=\"\" srcset=\"https:\/\/www.newlightpictures.pt\/wp-content\/uploads\/new-light-pictures-team-PATRICIA.webp 800w, https:\/\/www.newlightpictures.pt\/wp-content\/uploads\/new-light-pictures-team-PATRICIA-768x976.webp 768w\" sizes=\"(max-width: 800px) 100vw, 800px\" title=\"\">\t\t\t\t\t\t\t\t\t\t\t\t\t\t\t<\/div>\n\t\t\t\t<div class=\"elementor-element elementor-element-904261f elementor-widget elementor-widget-image-box\" data-id=\"904261f\" data-element_type=\"widget\" data-widget_type=\"image-box.default\">\n\t\t\t\t\t<div class=\"elementor-image-box-wrapper\"><div class=\"elementor-image-box-content\"><h3 class=\"elementor-image-box-title\">Patr\u00edcia Mendes<\/h3><p class=\"elementor-image-box-description\">Assistente de C\u00e2mara<\/p><\/div><\/div>\t\t\t\t<\/div>\n\t\t\t\t\t<\/div>\n\t\t<\/div>\n\t\t\t\t<div class=\"elementor-column elementor-col-33 elementor-top-column elementor-element elementor-element-e83ed46\" data-id=\"e83ed46\" data-element_type=\"column\">\n\t\t\t<div class=\"elementor-widget-wrap elementor-element-populated\">\n\t\t\t\t\t\t<div class=\"elementor-element elementor-element-5064cc3 elementor-widget elementor-widget-image\" data-id=\"5064cc3\" data-element_type=\"widget\" data-widget_type=\"image.default\">\n\t\t\t\t\t\t\t\t\t\t\t\t\t\t\t\t<a href=\"http:\/\/instagram.com\/algarve_makeup_artist\/\" target=\"_blank\" rel=\"nofollow noopener\">\n\t\t\t\t\t\t\t<img loading=\"lazy\" decoding=\"async\" width=\"800\" height=\"1017\" src=\"https:\/\/www.newlightpictures.pt\/wp-content\/uploads\/new-light-pictures-team-SUSANA.jpeg\" class=\"attachment-full size-full wp-image-4079\" alt=\"\" srcset=\"https:\/\/www.newlightpictures.pt\/wp-content\/uploads\/new-light-pictures-team-SUSANA.jpeg 800w, https:\/\/www.newlightpictures.pt\/wp-content\/uploads\/new-light-pictures-team-SUSANA-768x976.jpeg 768w\" sizes=\"(max-width: 800px) 100vw, 800px\" title=\"\">\t\t\t\t\t\t\t\t<\/a>\n\t\t\t\t\t\t\t\t\t\t\t\t\t\t\t<\/div>\n\t\t\t\t<div class=\"elementor-element elementor-element-8d09dfe elementor-widget elementor-widget-image-box\" data-id=\"8d09dfe\" data-element_type=\"widget\" data-widget_type=\"image-box.default\">\n\t\t\t\t\t<div class=\"elementor-image-box-wrapper\"><div class=\"elementor-image-box-content\"><h3 class=\"elementor-image-box-title\">Susana Aleixo<\/h3><p class=\"elementor-image-box-description\">Casting \/ Make Up<\/p><\/div><\/div>\t\t\t\t<\/div>\n\t\t\t\t\t<\/div>\n\t\t<\/div>\n\t\t\t\t\t<\/div>\n\t\t<\/section>\n\t\t\t\t<section class=\"elementor-section elementor-top-section elementor-element elementor-element-f05002f animated-slow elementor-section-content-space-around elementor-section-boxed elementor-section-height-default elementor-section-height-default elementor-invisible\" data-id=\"f05002f\" data-element_type=\"section\" data-settings=\"{&quot;animation&quot;:&quot;fadeIn&quot;,&quot;animation_delay&quot;:600}\">\n\t\t\t\t\t\t<div class=\"elementor-container elementor-column-gap-default\">\n\t\t\t\t\t<div class=\"elementor-column elementor-col-33 elementor-top-column elementor-element elementor-element-4139c78\" data-id=\"4139c78\" data-element_type=\"column\">\n\t\t\t<div class=\"elementor-widget-wrap\">\n\t\t\t\t\t\t\t<\/div>\n\t\t<\/div>\n\t\t\t\t<div class=\"elementor-column elementor-col-33 elementor-top-column elementor-element elementor-element-55c5d93\" data-id=\"55c5d93\" data-element_type=\"column\">\n\t\t\t<div class=\"elementor-widget-wrap elementor-element-populated\">\n\t\t\t\t\t\t<div class=\"elementor-element elementor-element-36f023e elementor-widget elementor-widget-image\" data-id=\"36f023e\" data-element_type=\"widget\" data-widget_type=\"image.default\">\n\t\t\t\t\t\t\t\t\t\t\t\t\t\t\t<img loading=\"lazy\" decoding=\"async\" width=\"800\" height=\"1017\" src=\"https:\/\/www.newlightpictures.pt\/wp-content\/uploads\/new-light-pictures-team-NERO.webp\" class=\"attachment-full size-full wp-image-4076\" alt=\"\" srcset=\"https:\/\/www.newlightpictures.pt\/wp-content\/uploads\/new-light-pictures-team-NERO.webp 800w, https:\/\/www.newlightpictures.pt\/wp-content\/uploads\/new-light-pictures-team-NERO-768x976.webp 768w\" sizes=\"(max-width: 800px) 100vw, 800px\" title=\"\">\t\t\t\t\t\t\t\t\t\t\t\t\t\t\t<\/div>\n\t\t\t\t<div class=\"elementor-element elementor-element-ed14c06 elementor-widget elementor-widget-image-box\" data-id=\"ed14c06\" data-element_type=\"widget\" data-widget_type=\"image-box.default\">\n\t\t\t\t\t<div class=\"elementor-image-box-wrapper\"><div class=\"elementor-image-box-content\"><h3 class=\"elementor-image-box-title\">Nero<\/h3><p class=\"elementor-image-box-description\">Concierge<\/p><\/div><\/div>\t\t\t\t<\/div>\n\t\t\t\t\t<\/div>\n\t\t<\/div>\n\t\t\t\t<div class=\"elementor-column elementor-col-33 elementor-top-column elementor-element elementor-element-9cde924\" data-id=\"9cde924\" data-element_type=\"column\">\n\t\t\t<div class=\"elementor-widget-wrap\">\n\t\t\t\t\t\t\t<\/div>\n\t\t<\/div>\n\t\t\t\t\t<\/div>\n\t\t<\/section>\n\t\t\t\t<\/div>\n\t\t","protected":false},"excerpt":{"rendered":"<p>A New Light Pictures \u00e9 uma produtora de filmes empenhada em criar conte\u00fados \u00fanicos e inovadores. Com uma abordagem criativa e din\u00e2mica, exploramos novas ideias e conceitos para oferecer aos nossos clientes uma experi\u00eancia de produ\u00e7\u00e3o cinematogr\u00e1fica personalizada e de alta qualidade. <\/p>\n","protected":false},"author":216682721,"featured_media":6321,"parent":0,"menu_order":0,"comment_status":"closed","ping_status":"closed","template":"","meta":{"footnotes":""},"class_list":["post-897","page","type-page","status-publish","has-post-thumbnail","hentry"],"acf":[],"_links":{"self":[{"href":"https:\/\/www.newlightpictures.pt\/pt-pt\/wp-json\/wp\/v2\/pages\/897","targetHints":{"allow":["GET"]}}],"collection":[{"href":"https:\/\/www.newlightpictures.pt\/pt-pt\/wp-json\/wp\/v2\/pages"}],"about":[{"href":"https:\/\/www.newlightpictures.pt\/pt-pt\/wp-json\/wp\/v2\/types\/page"}],"author":[{"embeddable":true,"href":"https:\/\/www.newlightpictures.pt\/pt-pt\/wp-json\/wp\/v2\/users\/216682721"}],"replies":[{"embeddable":true,"href":"https:\/\/www.newlightpictures.pt\/pt-pt\/wp-json\/wp\/v2\/comments?post=897"}],"version-history":[{"count":0,"href":"https:\/\/www.newlightpictures.pt\/pt-pt\/wp-json\/wp\/v2\/pages\/897\/revisions"}],"wp:featuredmedia":[{"embeddable":true,"href":"https:\/\/www.newlightpictures.pt\/pt-pt\/wp-json\/wp\/v2\/media\/6321"}],"wp:attachment":[{"href":"https:\/\/www.newlightpictures.pt\/pt-pt\/wp-json\/wp\/v2\/media?parent=897"}],"curies":[{"name":"wp","href":"https:\/\/api.w.org\/{rel}","templated":true}]}}