{"id":7895,"date":"2024-07-22T17:10:01","date_gmt":"2024-07-22T16:10:01","guid":{"rendered":"https:\/\/www.newlightpictures.pt\/politica-de-cookies\/"},"modified":"2024-07-22T17:12:20","modified_gmt":"2024-07-22T16:12:20","slug":"politica-de-cookies","status":"publish","type":"page","link":"https:\/\/www.newlightpictures.pt\/pt-pt\/politica-de-cookies\/","title":{"rendered":"Pol\u00edtica de cookies"},"content":{"rendered":"\t\t<div data-elementor-type=\"wp-page\" data-elementor-id=\"7895\" class=\"elementor elementor-7895 elementor-7890\" data-elementor-post-type=\"page\">\n\t\t\t\t\t\t<section class=\"elementor-section elementor-top-section elementor-element elementor-element-57080e9f elementor-section-boxed elementor-section-height-default elementor-section-height-default\" data-id=\"57080e9f\" data-element_type=\"section\">\n\t\t\t\t\t\t<div class=\"elementor-container elementor-column-gap-default\">\n\t\t\t\t\t<div class=\"elementor-column elementor-col-100 elementor-top-column elementor-element elementor-element-1349bdf7\" data-id=\"1349bdf7\" data-element_type=\"column\">\n\t\t\t<div class=\"elementor-widget-wrap elementor-element-populated\">\n\t\t\t\t\t\t<div class=\"elementor-element elementor-element-23987165 elementor-widget elementor-widget-text-editor\" data-id=\"23987165\" data-element_type=\"widget\" data-widget_type=\"text-editor.default\">\n\t\t\t\t\t\t\t\t\t<h4>Introdu\u00e7\u00e3o<\/h4>\n<p>Bem-vindo \u00e0 Pol\u00edtica de Cookies da New Light Pictures (&#8220;n\u00f3s&#8221;, &#8220;nosso&#8221;, &#8220;nos&#8221;). Esta pol\u00edtica explica como utilizamos cookies e tecnologias de rastreio semelhantes no nosso website, newlightpictures.pt (o &#8220;Website&#8221;). Ao utilizar o nosso Website, consente a utiliza\u00e7\u00e3o de cookies tal como descrito nesta pol\u00edtica.<\/p>\n<h4>O que s\u00e3o cookies?<\/h4>\n<p>Os cookies s\u00e3o pequenos ficheiros de texto que s\u00e3o colocados no teu dispositivo (computador, smartphone ou outro dispositivo eletr\u00f3nico) quando visitas um s\u00edtio Web. S\u00e3o amplamente utilizados para fazer com que os s\u00edtios Web funcionem, ou funcionem de forma mais eficiente, bem como para fornecer informa\u00e7\u00f5es aos propriet\u00e1rios dos s\u00edtios Web.<\/p>\n<h4>Como utilizamos os cookies<\/h4>\n<p>Utilizamos cookies por v\u00e1rias raz\u00f5es, incluindo:<\/p>\n<h4>Biscoitos essenciais<\/h4>\n<p>Estes cookies s\u00e3o necess\u00e1rios para o bom funcionamento do nosso s\u00edtio Web. Permitem-te navegar no nosso s\u00edtio Web e utilizar as suas funcionalidades.<\/p>\n<h4>Cookies de desempenho e anal\u00edticos<\/h4>\n<p>Estes cookies recolhem informa\u00e7\u00f5es sobre a forma como utilizas o nosso Web site, tais como as p\u00e1ginas que visitas com mais frequ\u00eancia e se recebes mensagens de erro de p\u00e1ginas Web. Isto ajuda-nos a melhorar o funcionamento do nosso s\u00edtio Web.<\/p>\n<h4>Cookies de funcionalidade<\/h4>\n<p>Estes cookies permitem que o nosso Website se lembre das escolhas que fazes (como o teu nome de utilizador, o idioma ou a regi\u00e3o em que te encontras) e fornece funcionalidades melhoradas e mais personalizadas.<\/p>\n<h4>Cookies de segmenta\u00e7\u00e3o e publicidade<\/h4>\n<p>Estes cookies s\u00e3o utilizados para apresentar an\u00fancios mais relevantes para ti e para os teus interesses. S\u00e3o tamb\u00e9m utilizados para limitar o n\u00famero de vezes que v\u00eas um an\u00fancio e ajudam a medir a efic\u00e1cia das campanhas publicit\u00e1rias.<\/p>\n<h4>Cookies utilizados no nosso s\u00edtio Web<\/h4>\n<h4>Google Site Kit<\/h4>\n<p>Utilizamos o Google Site Kit para integrar v\u00e1rios servi\u00e7os do Google, como o Google Analytics, o Google Search Console e muito mais. O Google Site Kit pode instalar cookies no teu dispositivo para recolher dados sobre as tuas interac\u00e7\u00f5es com o nosso Website. Isto ajuda-nos a compreender como os visitantes interagem com o nosso conte\u00fado e a melhorar o desempenho do nosso s\u00edtio Web.<\/p>\n<h4>SEO matem\u00e1tica da classifica\u00e7\u00e3o<\/h4>\n<p>O Rank Math SEO utiliza cookies para melhorar a tua experi\u00eancia de utilizador e para nos ajudar a compreender e analisar o tr\u00e1fego do website. Estes cookies ajudam-nos a otimizar o conte\u00fado do nosso Website e a melhorar a classifica\u00e7\u00e3o nos motores de busca.<\/p>\n<h4>Gerir cookies<\/h4>\n<p>Podes controlar e gerir os cookies de v\u00e1rias formas. Tem em aten\u00e7\u00e3o que a remo\u00e7\u00e3o ou o bloqueio de cookies pode afetar a tua experi\u00eancia de utilizador e partes do nosso Website podem deixar de estar totalmente acess\u00edveis.<\/p>\n<h4>Defini\u00e7\u00f5es do navegador<\/h4>\n<p>A maioria dos navegadores Web permite-te controlar os cookies atrav\u00e9s das suas prefer\u00eancias de configura\u00e7\u00e3o. Podes configurar o teu browser para bloquear os cookies ou para te alertar quando os cookies est\u00e3o a ser enviados para o teu dispositivo. Para mais informa\u00e7\u00f5es sobre como gerir os cookies, consulta a sec\u00e7\u00e3o de ajuda do teu browser.<\/p>\n<h4>Optar por n\u00e3o participar<\/h4>\n<p>Para optares por n\u00e3o seguir o Google Analytics, podes utilizar o <a href=\"https:\/\/tools.google.com\/dlpage\/gaoptout\" rel=\"nofollow noopener\" target=\"_blank\">Google Analytics Opt-out Browser Add-on<\/a>.<\/p>\n<h4>Altera\u00e7\u00f5es a esta pol\u00edtica de cookies<\/h4>\n<p>Podemos atualizar esta Pol\u00edtica de Cookies periodicamente para refletir altera\u00e7\u00f5es nas nossas pr\u00e1ticas ou por outras raz\u00f5es operacionais, legais ou regulamentares. Recomendamos que revejas esta pol\u00edtica periodicamente para te manteres informado sobre a nossa utiliza\u00e7\u00e3o de cookies e tecnologias relacionadas.<\/p>\n<h4>Contacta-nos<\/h4>\n<p>Se tiveres alguma d\u00favida ou preocupa\u00e7\u00e3o sobre a nossa utiliza\u00e7\u00e3o de cookies, contacta-nos atrav\u00e9s de<\/p>\n<p>New Light Pictures<br>Email: info@newlightpictures.pt<\/p>\n<p>Ao continuares a utilizar o nosso s\u00edtio Web, aceitas a nossa utiliza\u00e7\u00e3o de cookies, tal como descrito na presente Pol\u00edtica de Cookies.<\/p>\t\t\t\t\t\t\t\t<\/div>\n\t\t\t\t\t<\/div>\n\t\t<\/div>\n\t\t\t\t\t<\/div>\n\t\t<\/section>\n\t\t\t\t<\/div>\n\t\t","protected":false},"excerpt":{"rendered":"<p>Este documento informa o Utilizador sobre as tecnologias utilizadas por este s\u00edtio Web para atingir os objectivos especificamente descritos abaixo. As tecnologias acima mencionadas permitem ao Propriet\u00e1rio aceder a informa\u00e7\u00f5es e armazen\u00e1-las (por exemplo, atrav\u00e9s da utiliza\u00e7\u00e3o de um Cookie) ou utilizar recursos (por exemplo, executar um script) no dispositivo de um Utilizador \u00e0 medida que este interage com este Website.<\/p>\n","protected":false},"author":216682721,"featured_media":0,"parent":0,"menu_order":0,"comment_status":"closed","ping_status":"closed","template":"","meta":{"footnotes":""},"class_list":["post-7895","page","type-page","status-publish","hentry"],"acf":[],"_links":{"self":[{"href":"https:\/\/www.newlightpictures.pt\/pt-pt\/wp-json\/wp\/v2\/pages\/7895","targetHints":{"allow":["GET"]}}],"collection":[{"href":"https:\/\/www.newlightpictures.pt\/pt-pt\/wp-json\/wp\/v2\/pages"}],"about":[{"href":"https:\/\/www.newlightpictures.pt\/pt-pt\/wp-json\/wp\/v2\/types\/page"}],"author":[{"embeddable":true,"href":"https:\/\/www.newlightpictures.pt\/pt-pt\/wp-json\/wp\/v2\/users\/216682721"}],"replies":[{"embeddable":true,"href":"https:\/\/www.newlightpictures.pt\/pt-pt\/wp-json\/wp\/v2\/comments?post=7895"}],"version-history":[{"count":0,"href":"https:\/\/www.newlightpictures.pt\/pt-pt\/wp-json\/wp\/v2\/pages\/7895\/revisions"}],"wp:attachment":[{"href":"https:\/\/www.newlightpictures.pt\/pt-pt\/wp-json\/wp\/v2\/media?parent=7895"}],"curies":[{"name":"wp","href":"https:\/\/api.w.org\/{rel}","templated":true}]}}